{"id":158,"date":"2021-04-04T21:46:16","date_gmt":"2021-04-05T00:46:16","guid":{"rendered":"https:\/\/h1partners.com.br\/blog\/?page_id=158"},"modified":"2021-04-04T23:13:27","modified_gmt":"2021-04-05T02:13:27","slug":"contato","status":"publish","type":"page","link":"https:\/\/h1partners.com.br\/blog\/contato\/","title":{"rendered":"Contato"},"content":{"rendered":"\t\t<div data-elementor-type=\"wp-page\" data-elementor-id=\"158\" class=\"elementor elementor-158\" data-elementor-settings=\"[]\">\n\t\t\t\t\t\t<div class=\"elementor-inner\">\n\t\t\t\t\t\t\t<div class=\"elementor-section-wrap\">\n\t\t\t\t\t\t\t<section class=\"elementor-section elementor-top-section elementor-element elementor-element-775060c4 elementor-section-boxed elementor-section-height-default elementor-section-height-default\" data-id=\"775060c4\" data-element_type=\"section\">\n\t\t\t\t\t\t<div class=\"elementor-container elementor-column-gap-default\">\n\t\t\t\t\t\t\t<div class=\"elementor-row\">\n\t\t\t\t\t<div class=\"elementor-column elementor-col-100 elementor-top-column elementor-element elementor-element-655c1557\" data-id=\"655c1557\" data-element_type=\"column\">\n\t\t\t<div class=\"elementor-column-wrap elementor-element-populated\">\n\t\t\t\t\t\t\t<div class=\"elementor-widget-wrap\">\n\t\t\t\t\t\t<div class=\"elementor-element elementor-element-5e4b9bf0 elementor-widget elementor-widget-text-editor\" data-id=\"5e4b9bf0\" data-element_type=\"widget\" data-widget_type=\"text-editor.default\">\n\t\t\t\t<div class=\"elementor-widget-container\">\n\t\t\t\t\t<div class=\"elementor-text-editor elementor-clearfix\"><h2>Precisa de ajuda para encontrar a melhor solu\u00e7\u00e3o financeira para o seu neg\u00f3cio?<\/h2>\n<p>Envie uma mensagem que responderemos assim que poss\u00edvel.<\/p><\/div>\n\t\t\t\t<\/div>\n\t\t\t\t<\/div>\n\t\t\t\t\t\t<\/div>\n\t\t\t\t\t<\/div>\n\t\t<\/div>\n\t\t\t\t\t\t\t\t<\/div>\n\t\t\t\t\t<\/div>\n\t\t<\/section>\n\t\t\t\t<section class=\"elementor-section elementor-top-section elementor-element elementor-element-15072be elementor-section-boxed elementor-section-height-default elementor-section-height-default\" data-id=\"15072be\" data-element_type=\"section\">\n\t\t\t\t\t\t<div class=\"elementor-container elementor-column-gap-default\">\n\t\t\t\t\t\t\t<div class=\"elementor-row\">\n\t\t\t\t\t<div class=\"elementor-column elementor-col-50 elementor-top-column elementor-element elementor-element-567b455\" data-id=\"567b455\" data-element_type=\"column\">\n\t\t\t<div class=\"elementor-column-wrap elementor-element-populated\">\n\t\t\t\t\t\t\t<div class=\"elementor-widget-wrap\">\n\t\t\t\t\t\t<div class=\"elementor-element elementor-element-bca60de elementor-widget elementor-widget-text-editor\" data-id=\"bca60de\" data-element_type=\"widget\" data-widget_type=\"text-editor.default\">\n\t\t\t\t<div class=\"elementor-widget-container\">\n\t\t\t\t\t<div class=\"elementor-text-editor elementor-clearfix\"><p><!-- wp:image {\"id\":159,\"linkDestination\":\"custom\"} --><\/p>\n<figure class=\"wp-block-image\"><a href=\"https:\/\/api.whatsapp.com\/send?phone=5511982031543\"><img loading=\"lazy\" decoding=\"async\" width=\"50\" height=\"50\" class=\"wp-image-159\" src=\"https:\/\/h1partners.com.br\/blog\/wp-content\/uploads\/2021\/04\/whatsapp_h1partners.jpg\" alt=\"\" \/><\/a><\/figure>\n<p><!-- \/wp:image --><!-- wp:paragraph --><\/p>\n<p><strong>contato@h1partners.com.br<\/strong><\/p>\n<p><!-- \/wp:paragraph --><\/p><\/div>\n\t\t\t\t<\/div>\n\t\t\t\t<\/div>\n\t\t\t\t\t\t<\/div>\n\t\t\t\t\t<\/div>\n\t\t<\/div>\n\t\t\t\t<div class=\"elementor-column elementor-col-50 elementor-top-column elementor-element elementor-element-562d942\" data-id=\"562d942\" data-element_type=\"column\">\n\t\t\t<div class=\"elementor-column-wrap elementor-element-populated\">\n\t\t\t\t\t\t\t<div class=\"elementor-widget-wrap\">\n\t\t\t\t\t\t<div class=\"elementor-element elementor-element-eef57a3 elementor-widget elementor-widget-html\" data-id=\"eef57a3\" data-element_type=\"widget\" data-widget_type=\"html.default\">\n\t\t\t\t<div class=\"elementor-widget-container\">\n\t\t\t<form class=\"clearfix\" autocomplete=\"false\" role=\"form\" method=\"post\" action=\"https:\/\/neoleads.com.br\/mautic\/form\/submit?formId=2\" id=\"mauticform_h1partnershomecontato\" data-mautic-form=\"h1partnershomecontato\" enctype=\"multipart\/form-data\">\n                <div class=\"row\">\n                  <div class=\"col-md-6\">\n                    <div class=\"form-group\">\n                      <label>Nome completo<\/label>\n                      <input name=\"mauticform[nome_completo]\" class=\"form-control\" type=\"text\" required=\"required\">\n                    <\/div>\n                  <\/div>\n                  <div class=\"col-md-6\">\n                    <div class=\"form-group\">\n                      <label>E-mail<\/label>\n                      <input name=\"mauticform[email]\" type=\"email\" class=\"form-control\" required=\"required\">\n                    <\/div>\n                  <\/div>\n                <\/div>\n                <div class=\"row\">\n                  <div class=\"col-md-6\">\n                    <div class=\"form-group\">\n                      <label>DDD + Telefone<\/label>\n                      <input name=\"mauticform[ddd__telefone]\" type=\"text\" class=\"form-control mask-phone-ddd\" required=\"required\" placeholder=\"(xx) xxxxx-xxxx\">\n                    <\/div>\n                  <\/div>\n                  <div class=\"col-md-6\">\n                    <div class=\"form-group\">\n                      <label>Empresa<\/label>\n                      <input name=\"mauticform[empresa]\" type=\"text\" class=\"form-control\" required=\"required\">\n                    <\/div>\n                  <\/div>\n                <\/div>\n                <div class=\"row\">\n                  <div class=\"col-md-12\">\n                    <div class=\"form-group\">\n                      <label>Mensagem<\/label>\n                      <textarea name=\"mauticform[mensagem]\" type=\"text\" class=\"form-control\" required=\"required\" rows=\"5\"><\/textarea>\n                    <\/div>\n                  <\/div>\n                <\/div>\n\n                <div class=\"message\" id=\"mauticform_h1partnershomecontato_message\"><\/div>\n                <button type=\"submit\" class=\"float-right\">Enviar uma mensagem<\/button>\n\n                <input id=\"mauticform_input_h1partnershomecontato_ref\" name=\"mauticform[ref]\" value=\"\" class=\"mauticform-hidden\" type=\"hidden\">\n                <input type=\"hidden\" name=\"mauticform[formId]\" id=\"mauticform_h1partnershomecontato_id\" value=\"2\">\n                <input type=\"hidden\" name=\"mauticform[return]\" id=\"mauticform_h1partnershomecontato_return\" value=\"\">\n                <input type=\"hidden\" name=\"mauticform[formName]\" id=\"mauticform_h1partnershomecontato_name\" value=\"h1partnershomecontato\">\n              <\/form>\t\t<\/div>\n\t\t\t\t<\/div>\n\t\t\t\t\t\t<\/div>\n\t\t\t\t\t<\/div>\n\t\t<\/div>\n\t\t\t\t\t\t\t\t<\/div>\n\t\t\t\t\t<\/div>\n\t\t<\/section>\n\t\t\t\t\t\t<\/div>\n\t\t\t\t\t\t<\/div>\n\t\t\t\t\t<\/div>\n\t\t","protected":false},"excerpt":{"rendered":"<p>Precisa de ajuda para encontrar a melhor solu\u00e7\u00e3o financeira para o seu neg\u00f3cio? Envie uma mensagem que responderemos assim que poss\u00edvel. contato@h1partners.com.br Nome completo E-mail DDD + Telefone Empresa Mensagem Enviar uma mensagem<\/p>\n","protected":false},"author":1,"featured_media":198,"parent":0,"menu_order":0,"comment_status":"closed","ping_status":"closed","template":"","meta":{"_acf_changed":false,"footnotes":""},"class_list":["post-158","page","type-page","status-publish","has-post-thumbnail","hentry"],"acf":[],"wps_subtitle":"Envie uma mensagem que responderemos assim que poss\u00edvel.","_links":{"self":[{"href":"https:\/\/h1partners.com.br\/blog\/wp-json\/wp\/v2\/pages\/158","targetHints":{"allow":["GET"]}}],"collection":[{"href":"https:\/\/h1partners.com.br\/blog\/wp-json\/wp\/v2\/pages"}],"about":[{"href":"https:\/\/h1partners.com.br\/blog\/wp-json\/wp\/v2\/types\/page"}],"author":[{"embeddable":true,"href":"https:\/\/h1partners.com.br\/blog\/wp-json\/wp\/v2\/users\/1"}],"replies":[{"embeddable":true,"href":"https:\/\/h1partners.com.br\/blog\/wp-json\/wp\/v2\/comments?post=158"}],"version-history":[{"count":12,"href":"https:\/\/h1partners.com.br\/blog\/wp-json\/wp\/v2\/pages\/158\/revisions"}],"predecessor-version":[{"id":227,"href":"https:\/\/h1partners.com.br\/blog\/wp-json\/wp\/v2\/pages\/158\/revisions\/227"}],"wp:featuredmedia":[{"embeddable":true,"href":"https:\/\/h1partners.com.br\/blog\/wp-json\/wp\/v2\/media\/198"}],"wp:attachment":[{"href":"https:\/\/h1partners.com.br\/blog\/wp-json\/wp\/v2\/media?parent=158"}],"curies":[{"name":"wp","href":"https:\/\/api.w.org\/{rel}","templated":true}]}}