{"id":262,"date":"2021-04-05T00:27:25","date_gmt":"2021-04-05T03:27:25","guid":{"rendered":"https:\/\/h1partners.com.br\/blog\/?page_id=262"},"modified":"2021-04-05T00:35:21","modified_gmt":"2021-04-05T03:35:21","slug":"c6-bank","status":"publish","type":"page","link":"https:\/\/h1partners.com.br\/blog\/c6-bank\/","title":{"rendered":"C6 Bank"},"content":{"rendered":"\t\t<div data-elementor-type=\"wp-page\" data-elementor-id=\"262\" class=\"elementor elementor-262\" data-elementor-settings=\"[]\">\n\t\t\t\t\t\t<div class=\"elementor-inner\">\n\t\t\t\t\t\t\t<div class=\"elementor-section-wrap\">\n\t\t\t\t\t\t\t<section class=\"elementor-section elementor-top-section elementor-element elementor-element-19d71a2 elementor-section-boxed elementor-section-height-default elementor-section-height-default\" data-id=\"19d71a2\" data-element_type=\"section\">\n\t\t\t\t\t\t<div class=\"elementor-container elementor-column-gap-default\">\n\t\t\t\t\t\t\t<div class=\"elementor-row\">\n\t\t\t\t\t<div class=\"elementor-column elementor-col-100 elementor-top-column elementor-element elementor-element-1dcc93b\" data-id=\"1dcc93b\" data-element_type=\"column\">\n\t\t\t<div class=\"elementor-column-wrap elementor-element-populated\">\n\t\t\t\t\t\t\t<div class=\"elementor-widget-wrap\">\n\t\t\t\t\t\t<div class=\"elementor-element elementor-element-4cd6489 elementor-widget elementor-widget-text-editor\" data-id=\"4cd6489\" data-element_type=\"widget\" data-widget_type=\"text-editor.default\">\n\t\t\t\t<div class=\"elementor-widget-container\">\n\t\t\t\t\t<div class=\"elementor-text-editor elementor-clearfix\"><h2>Sobre o C6 Bank<\/h2><p>O C6 Bank \u00e9 um banco digital, criado por ex-executivos do BTG Pactual, que recebeu autoriza\u00e7\u00e3o do Banco Central para come\u00e7ar a operar em 18\/01\/2019. Em 18\/03\/2019 abriu sua opera\u00e7\u00e3o em Nova York (EUA).<\/p><p>O banco n\u00e3o possui ag\u00eancias f\u00edsicas e nasce com o prop\u00f3sito de surpreender as pessoas, com rela\u00e7\u00f5es verdadeiras. Por ser totalmente digital, o banco oferece custos reduzidos e menor burocracia, vantagens que s\u00e3o repassadas aos seus clientes, transformando a experi\u00eancia banc\u00e1ria.<\/p><p>Toda a estrutura comercial \u2013 atendimento e vendas \u2013 para Pessoas Jur\u00eddicas e alguns segmentos de Pessoa F\u00edsica, ser\u00e1 feita atrav\u00e9s do programa de parceiros Conex\u00e3o C6, do qual a H1 Partners faz parte.<\/p><\/div>\n\t\t\t\t<\/div>\n\t\t\t\t<\/div>\n\t\t\t\t\t\t<\/div>\n\t\t\t\t\t<\/div>\n\t\t<\/div>\n\t\t\t\t\t\t\t\t<\/div>\n\t\t\t\t\t<\/div>\n\t\t<\/section>\n\t\t\t\t<section class=\"elementor-section elementor-top-section elementor-element elementor-element-27b596e elementor-section-boxed elementor-section-height-default elementor-section-height-default\" data-id=\"27b596e\" data-element_type=\"section\">\n\t\t\t\t\t\t<div class=\"elementor-container elementor-column-gap-default\">\n\t\t\t\t\t\t\t<div class=\"elementor-row\">\n\t\t\t\t\t<div class=\"elementor-column elementor-col-50 elementor-top-column elementor-element elementor-element-52390e7\" data-id=\"52390e7\" data-element_type=\"column\">\n\t\t\t<div class=\"elementor-column-wrap elementor-element-populated\">\n\t\t\t\t\t\t\t<div class=\"elementor-widget-wrap\">\n\t\t\t\t\t\t<div class=\"elementor-element elementor-element-24c2fde elementor-widget elementor-widget-image\" data-id=\"24c2fde\" data-element_type=\"widget\" data-widget_type=\"image.default\">\n\t\t\t\t<div class=\"elementor-widget-container\">\n\t\t\t\t\t<div class=\"elementor-image\">\n\t\t\t\t\t\t\t\t\t\t<img loading=\"lazy\" decoding=\"async\" width=\"481\" height=\"321\" src=\"https:\/\/h1partners.com.br\/blog\/wp-content\/uploads\/2021\/04\/c6bank-1.jpg\" class=\"attachment-large size-large\" alt=\"\" srcset=\"https:\/\/h1partners.com.br\/blog\/wp-content\/uploads\/2021\/04\/c6bank-1.jpg 481w, https:\/\/h1partners.com.br\/blog\/wp-content\/uploads\/2021\/04\/c6bank-1-300x200.jpg 300w\" sizes=\"auto, (max-width: 481px) 100vw, 481px\" \/>\t\t\t\t\t\t\t\t\t\t\t<\/div>\n\t\t\t\t<\/div>\n\t\t\t\t<\/div>\n\t\t\t\t\t\t<\/div>\n\t\t\t\t\t<\/div>\n\t\t<\/div>\n\t\t\t\t<div class=\"elementor-column elementor-col-50 elementor-top-column elementor-element elementor-element-625ad02\" data-id=\"625ad02\" data-element_type=\"column\">\n\t\t\t<div class=\"elementor-column-wrap elementor-element-populated\">\n\t\t\t\t\t\t\t<div class=\"elementor-widget-wrap\">\n\t\t\t\t\t\t<div class=\"elementor-element elementor-element-6f4316b elementor-widget elementor-widget-image\" data-id=\"6f4316b\" data-element_type=\"widget\" data-widget_type=\"image.default\">\n\t\t\t\t<div class=\"elementor-widget-container\">\n\t\t\t\t\t<div class=\"elementor-image\">\n\t\t\t\t\t\t\t\t\t\t<img loading=\"lazy\" decoding=\"async\" width=\"479\" height=\"320\" src=\"https:\/\/h1partners.com.br\/blog\/wp-content\/uploads\/2021\/04\/c6bank-2.jpg\" class=\"attachment-large size-large\" alt=\"\" srcset=\"https:\/\/h1partners.com.br\/blog\/wp-content\/uploads\/2021\/04\/c6bank-2.jpg 479w, https:\/\/h1partners.com.br\/blog\/wp-content\/uploads\/2021\/04\/c6bank-2-300x200.jpg 300w\" sizes=\"auto, (max-width: 479px) 100vw, 479px\" \/>\t\t\t\t\t\t\t\t\t\t\t<\/div>\n\t\t\t\t<\/div>\n\t\t\t\t<\/div>\n\t\t\t\t\t\t<\/div>\n\t\t\t\t\t<\/div>\n\t\t<\/div>\n\t\t\t\t\t\t\t\t<\/div>\n\t\t\t\t\t<\/div>\n\t\t<\/section>\n\t\t\t\t<section class=\"elementor-section elementor-top-section elementor-element elementor-element-81731db elementor-section-boxed elementor-section-height-default elementor-section-height-default\" data-id=\"81731db\" data-element_type=\"section\">\n\t\t\t\t\t\t<div class=\"elementor-container elementor-column-gap-default\">\n\t\t\t\t\t\t\t<div class=\"elementor-row\">\n\t\t\t\t\t<div class=\"elementor-column elementor-col-50 elementor-top-column elementor-element elementor-element-401a593\" data-id=\"401a593\" data-element_type=\"column\">\n\t\t\t<div class=\"elementor-column-wrap elementor-element-populated\">\n\t\t\t\t\t\t\t<div class=\"elementor-widget-wrap\">\n\t\t\t\t\t\t<div class=\"elementor-element elementor-element-24b642b elementor-widget elementor-widget-text-editor\" data-id=\"24b642b\" data-element_type=\"widget\" data-widget_type=\"text-editor.default\">\n\t\t\t\t<div class=\"elementor-widget-container\">\n\t\t\t\t\t<div class=\"elementor-text-editor elementor-clearfix\"><h2>Por que trabalhar com o C6 Bank?<\/h2><p>Por ser um banco digital, sem custo de ag\u00eancias, e com uma equipe muito mais enxuta que os bancos convencionais, os custos de opera\u00e7\u00f5es do C6 Bank s\u00e3o extremamente reduzidos e essas redu\u00e7\u00f5es s\u00e3o repassadas aos seus clientes, atrav\u00e9s da redu\u00e7\u00e3o dos spreads.<\/p><\/div>\n\t\t\t\t<\/div>\n\t\t\t\t<\/div>\n\t\t\t\t\t\t<\/div>\n\t\t\t\t\t<\/div>\n\t\t<\/div>\n\t\t\t\t<div class=\"elementor-column elementor-col-50 elementor-top-column elementor-element elementor-element-399e0df\" data-id=\"399e0df\" data-element_type=\"column\">\n\t\t\t<div class=\"elementor-column-wrap elementor-element-populated\">\n\t\t\t\t\t\t\t<div class=\"elementor-widget-wrap\">\n\t\t\t\t\t\t<div class=\"elementor-element elementor-element-b850bf4 elementor-widget elementor-widget-image\" data-id=\"b850bf4\" data-element_type=\"widget\" data-widget_type=\"image.default\">\n\t\t\t\t<div class=\"elementor-widget-container\">\n\t\t\t\t\t<div class=\"elementor-image\">\n\t\t\t\t\t\t\t\t\t\t<img loading=\"lazy\" decoding=\"async\" width=\"617\" height=\"212\" src=\"https:\/\/h1partners.com.br\/blog\/wp-content\/uploads\/2021\/04\/c6bank-3.jpg\" class=\"attachment-large size-large\" alt=\"\" srcset=\"https:\/\/h1partners.com.br\/blog\/wp-content\/uploads\/2021\/04\/c6bank-3.jpg 617w, https:\/\/h1partners.com.br\/blog\/wp-content\/uploads\/2021\/04\/c6bank-3-300x103.jpg 300w\" sizes=\"auto, (max-width: 617px) 100vw, 617px\" \/>\t\t\t\t\t\t\t\t\t\t\t<\/div>\n\t\t\t\t<\/div>\n\t\t\t\t<\/div>\n\t\t\t\t\t\t<\/div>\n\t\t\t\t\t<\/div>\n\t\t<\/div>\n\t\t\t\t\t\t\t\t<\/div>\n\t\t\t\t\t<\/div>\n\t\t<\/section>\n\t\t\t\t\t\t<\/div>\n\t\t\t\t\t\t<\/div>\n\t\t\t\t\t<\/div>\n\t\t","protected":false},"excerpt":{"rendered":"<p>Sobre o C6 Bank O C6 Bank \u00e9 um banco digital, criado por ex-executivos do BTG Pactual, que recebeu autoriza\u00e7\u00e3o do Banco Central para come\u00e7ar a operar em 18\/01\/2019. Em 18\/03\/2019 abriu sua opera\u00e7\u00e3o em Nova York (EUA). O banco n\u00e3o possui ag\u00eancias f\u00edsicas e nasce com o prop\u00f3sito de surpreender as pessoas, com rela\u00e7\u00f5es [&hellip;]<\/p>\n","protected":false},"author":1,"featured_media":0,"parent":0,"menu_order":0,"comment_status":"closed","ping_status":"closed","template":"page-simg.php","meta":{"_acf_changed":false,"footnotes":""},"class_list":["post-262","page","type-page","status-publish","hentry"],"acf":[],"wps_subtitle":"","_links":{"self":[{"href":"https:\/\/h1partners.com.br\/blog\/wp-json\/wp\/v2\/pages\/262","targetHints":{"allow":["GET"]}}],"collection":[{"href":"https:\/\/h1partners.com.br\/blog\/wp-json\/wp\/v2\/pages"}],"about":[{"href":"https:\/\/h1partners.com.br\/blog\/wp-json\/wp\/v2\/types\/page"}],"author":[{"embeddable":true,"href":"https:\/\/h1partners.com.br\/blog\/wp-json\/wp\/v2\/users\/1"}],"replies":[{"embeddable":true,"href":"https:\/\/h1partners.com.br\/blog\/wp-json\/wp\/v2\/comments?post=262"}],"version-history":[{"count":8,"href":"https:\/\/h1partners.com.br\/blog\/wp-json\/wp\/v2\/pages\/262\/revisions"}],"predecessor-version":[{"id":273,"href":"https:\/\/h1partners.com.br\/blog\/wp-json\/wp\/v2\/pages\/262\/revisions\/273"}],"wp:attachment":[{"href":"https:\/\/h1partners.com.br\/blog\/wp-json\/wp\/v2\/media?parent=262"}],"curies":[{"name":"wp","href":"https:\/\/api.w.org\/{rel}","templated":true}]}}