{"id":494,"date":"2021-04-05T12:03:25","date_gmt":"2021-04-05T15:03:25","guid":{"rendered":"https:\/\/h1partners.com.br\/blog\/?page_id=494"},"modified":"2021-04-05T13:04:36","modified_gmt":"2021-04-05T16:04:36","slug":"seja-nosso-associado","status":"publish","type":"page","link":"https:\/\/h1partners.com.br\/blog\/seja-nosso-associado\/","title":{"rendered":"Seja nosso associado"},"content":{"rendered":"\t\t<div data-elementor-type=\"wp-page\" data-elementor-id=\"494\" class=\"elementor elementor-494\" data-elementor-settings=\"[]\">\n\t\t\t\t\t\t<div class=\"elementor-inner\">\n\t\t\t\t\t\t\t<div class=\"elementor-section-wrap\">\n\t\t\t\t\t\t\t<section class=\"elementor-section elementor-top-section elementor-element elementor-element-613e2a85 elementor-section-boxed elementor-section-height-default elementor-section-height-default\" data-id=\"613e2a85\" data-element_type=\"section\">\n\t\t\t\t\t\t<div class=\"elementor-container elementor-column-gap-default\">\n\t\t\t\t\t\t\t<div class=\"elementor-row\">\n\t\t\t\t\t<div class=\"elementor-column elementor-col-100 elementor-top-column elementor-element elementor-element-39db157a\" data-id=\"39db157a\" data-element_type=\"column\">\n\t\t\t<div class=\"elementor-column-wrap elementor-element-populated\">\n\t\t\t\t\t\t\t<div class=\"elementor-widget-wrap\">\n\t\t\t\t\t\t<div class=\"elementor-element elementor-element-182ad2e4 elementor-widget elementor-widget-text-editor\" data-id=\"182ad2e4\" data-element_type=\"widget\" data-widget_type=\"text-editor.default\">\n\t\t\t\t<div class=\"elementor-widget-container\">\n\t\t\t\t\t<div class=\"elementor-text-editor elementor-clearfix\"><!-- wp:heading -->\n<h2>Fa\u00e7a parte<\/h2>\n<!-- \/wp:heading -->\n\n<!-- wp:paragraph -->\n<p>Seguindo o ritmo forte de crescimento do C6 Bank, estamos em expans\u00e3o, e \u00e0 procura de profissionais diferenciados para o nosso time. Se voc\u00ea possui experi\u00eancia no mercado financeiro e uma rede de relacionamento j\u00e1 estabelecida, encontrar\u00e1 na H1 Partners o local ideal para desenvolver seu trabalho.<\/p>\n<!-- \/wp:paragraph -->\n\n<!-- wp:heading {\"level\":3} -->\n<h3>O que oferecemos?<\/h3>\n<!-- \/wp:heading -->\n\n<!-- wp:list {\"className\":\"benefits\"} -->\n<ul class=\"benefits\"><li>Assessores, ap\u00f3s o per\u00edodo de experi\u00eancia, entram como s\u00f3cios com possibilidade de crescer a participa\u00e7\u00e3o na sociedade conforme resultados<\/li><li>Receita mensal permanente e recorrente sobre a carteira de clientes<\/li><li>Apoio operacional e t\u00e9cnico com especialistas de produtos<\/li><li>Investimento em marketing institucional e disponibiliza\u00e7\u00e3o de leads<\/li><li>Liberdade de atua\u00e7\u00e3o, meritocracia e qualidade de vida<\/li><\/ul>\n<!-- \/wp:list --><\/div>\n\t\t\t\t<\/div>\n\t\t\t\t<\/div>\n\t\t\t\t\t\t<\/div>\n\t\t\t\t\t<\/div>\n\t\t<\/div>\n\t\t\t\t\t\t\t\t<\/div>\n\t\t\t\t\t<\/div>\n\t\t<\/section>\n\t\t\t\t<section class=\"elementor-section elementor-top-section elementor-element elementor-element-635863f elementor-section-boxed elementor-section-height-default elementor-section-height-default\" data-id=\"635863f\" data-element_type=\"section\">\n\t\t\t\t\t\t<div class=\"elementor-container elementor-column-gap-default\">\n\t\t\t\t\t\t\t<div class=\"elementor-row\">\n\t\t\t\t\t<div class=\"elementor-column elementor-col-100 elementor-top-column elementor-element elementor-element-0370572\" data-id=\"0370572\" data-element_type=\"column\">\n\t\t\t<div class=\"elementor-column-wrap elementor-element-populated\">\n\t\t\t\t\t\t\t<div class=\"elementor-widget-wrap\">\n\t\t\t\t\t\t<div class=\"elementor-element elementor-element-2742968 elementor-widget elementor-widget-heading\" data-id=\"2742968\" data-element_type=\"widget\" data-widget_type=\"heading.default\">\n\t\t\t\t<div class=\"elementor-widget-container\">\n\t\t\t<h3 class=\"elementor-heading-title elementor-size-default\">Venha empreender conosco e construir essa hist\u00f3ria de sucesso juntos!<\/h3>\t\t<\/div>\n\t\t\t\t<\/div>\n\t\t\t\t\t\t<\/div>\n\t\t\t\t\t<\/div>\n\t\t<\/div>\n\t\t\t\t\t\t\t\t<\/div>\n\t\t\t\t\t<\/div>\n\t\t<\/section>\n\t\t\t\t<section class=\"elementor-section elementor-top-section elementor-element elementor-element-a38b10c elementor-section-content-top elementor-section-boxed elementor-section-height-default elementor-section-height-default\" data-id=\"a38b10c\" data-element_type=\"section\">\n\t\t\t\t\t\t<div class=\"elementor-container elementor-column-gap-no\">\n\t\t\t\t\t\t\t<div class=\"elementor-row\">\n\t\t\t\t\t<div class=\"elementor-column elementor-col-100 elementor-top-column elementor-element elementor-element-6ff83a8\" data-id=\"6ff83a8\" data-element_type=\"column\">\n\t\t\t<div class=\"elementor-column-wrap elementor-element-populated\">\n\t\t\t\t\t\t\t<div class=\"elementor-widget-wrap\">\n\t\t\t\t\t\t<div class=\"elementor-element elementor-element-f207267 elementor-widget elementor-widget-html\" data-id=\"f207267\" data-element_type=\"widget\" data-widget_type=\"html.default\">\n\t\t\t\t<div class=\"elementor-widget-container\">\n\t\t\t<div id=\"mauticform_wrapper_h1partnersassociado\" class=\"mauticform_wrapper\">\n                <form class=\"internal-form clearfix\" autocomplete=\"false\" role=\"form\" method=\"post\" action=\"https:\/\/neoleads.com.br\/mautic\/form\/submit?formId=5\" id=\"mauticform_h1partnersassociado\" data-mautic-form=\"h1partnersassociado\" enctype=\"multipart\/form-data\">\n                    <div class=\"mauticform-error\" id=\"mauticform_h1partnersassociado_error\" style=\"margin-bottom:10px;color: red;font-size:1.4em; font-weight:bold;\"><\/div>\n                    <div class=\"mauticform-message\" id=\"mauticform_h1partnersassociado_message\" style=\"margin-bottom:10px;color: green;font-size:1.4em; font-weight:bold;\"><\/div>\n                    <div class=\"mauticform-innerform\">\n\n                        \n                      <div class=\"mauticform-page-wrapper mauticform-page-1\" data-mautic-form-page=\"1\">\n\n\n\n                      <div class=\"row\">\n                            <div class=\"col-md-6\">\n\n                              <div id=\"mauticform_h1partnersassociado_nome_completo\" data-validate=\"nome_completo\" data-validation-type=\"text\" class=\"mauticform-row mauticform-text mauticform-field-1 mauticform-required\">\n                                  <label id=\"mauticform_label_h1partnersassociado_nome_completo\" for=\"mauticform_input_h1partnersassociado_nome_completo\" class=\"mauticform-label\">Nome completo<\/label>\n                                  <input id=\"mauticform_input_h1partnersassociado_nome_completo\" name=\"mauticform[nome_completo]\" value=\"\" class=\"mauticform-input form-control\" type=\"text\">\n                                  <span class=\"mauticform-errormsg\" style=\"display: none;\">Insira o seu nome completo<\/span>\n                              <\/div>\n                            <\/div>\n\n\n                            <div class=\"col-md-6\">\n                              <div id=\"mauticform_h1partnersassociado_email\" data-validate=\"email\" data-validation-type=\"email\" class=\"mauticform-row mauticform-email mauticform-field-2 mauticform-required\">\n                                  <label id=\"mauticform_label_h1partnersassociado_email\" for=\"mauticform_input_h1partnersassociado_email\" class=\"mauticform-label\">E-mail<\/label>\n                                  <input id=\"mauticform_input_h1partnersassociado_email\" name=\"mauticform[email]\" value=\"\" class=\"mauticform-input form-control\" type=\"email\">\n                                  <span class=\"mauticform-errormsg\" style=\"display: none;\">Insira o seu e-mail<\/span>\n                              <\/div>\n                            <\/div>\n\n                        <\/div>\n\n\n                        <div class=\"row\">\n                            <div class=\"col-md-6\">\n\n                              <div id=\"mauticform_h1partnersassociado_ddd__telefone\" data-validate=\"ddd__telefone\" data-validation-type=\"tel\" class=\"mauticform-row mauticform-tel mauticform-field-3 mauticform-required\">\n                                  <label id=\"mauticform_label_h1partnersassociado_ddd__telefone\" for=\"mauticform_input_h1partnersassociado_ddd__telefone\" class=\"mauticform-label\">DDD + Telefone<\/label>\n                                  <input id=\"mauticform_input_h1partnersassociado_ddd__telefone\" name=\"mauticform[ddd__telefone]\" value=\"\" class=\"mauticform-input mask-phone-ddd form-control\" type=\"tel\">\n                                  <span class=\"mauticform-errormsg\" style=\"display: none;\">Insira o seu telefone<\/span>\n                              <\/div>\n\n                            <\/div>\n\n                            <div class=\"col-md-6\">\n\n                              <div id=\"mauticform_h1partnersassociado_cpf\" data-validate=\"cpf\" data-validation-type=\"text\" class=\"mauticform-row mauticform-text mauticform-field-4 mauticform-required\">\n                                  <label id=\"mauticform_label_h1partnersassociado_cpf\" for=\"mauticform_input_h1partnersassociado_cpf\" class=\"mauticform-label\">CPF<\/label>\n                                  <input id=\"mauticform_input_h1partnersassociado_cpf\" name=\"mauticform[cpf]\" value=\"\" class=\"mauticform-input cpf form-control mask-cpf\" type=\"text\">\n                                  <span class=\"mauticform-errormsg\" style=\"display: none;\">Por favor digite o seu CPF.<\/span>\n                              <\/div>\n\n                            <\/div>\n                          <\/div>\n\n\n                        <div class=\"row\">\n                            <div class=\"col-md-12\">\n\n                              <div id=\"mauticform_h1partnersassociado_cidade\" data-validate=\"cidade\" data-validation-type=\"text\" class=\"mauticform-row mauticform-text mauticform-field-5 mauticform-required\">\n                                  <label id=\"mauticform_label_h1partnersassociado_cidade\" for=\"mauticform_input_h1partnersassociado_cidade\" class=\"mauticform-label\">Cidade<\/label>\n                                  <input id=\"mauticform_input_h1partnersassociado_cidade\" name=\"mauticform[cidade]\" value=\"\" class=\"mauticform-input form-control\" type=\"text\">\n                                  <span class=\"mauticform-errormsg\" style=\"display: none;\">Por favor digite a cidade<\/span>\n                              <\/div>\n\n                          <\/div>\n                        <\/div>\n\n                        <div class=\"row\">\n                            <div class=\"col-md-12\">\n\n                              <div id=\"mauticform_h1partnersassociado_por_que_gostaria_de_se_to\" data-validate=\"por_que_gostaria_de_se_to\" data-validation-type=\"textarea\" class=\"mauticform-row mauticform-text mauticform-field-6 mauticform-required\">\n                                  <label id=\"mauticform_label_h1partnersassociado_por_que_gostaria_de_se_to\" for=\"mauticform_input_h1partnersassociado_por_que_gostaria_de_se_to\" class=\"mauticform-label\">Por que gostaria de se tornar um associado H1 Partners?<\/label>\n                                  <textarea id=\"mauticform_input_h1partnersassociado_por_que_gostaria_de_se_to\" name=\"mauticform[por_que_gostaria_de_se_to]\" class=\"mauticform-textarea form-control\"><\/textarea>\n                                  <span class=\"mauticform-errormsg\" style=\"display: none;\">Por favor preencha o campo corretamente.<\/span>\n                              <\/div>\n\n                            <\/div>\n                        <\/div>\n\n\n                        <div class=\"row\">\n                            <div class=\"col-md-12\">\n\n                              <div id=\"mauticform_h1partnersassociado_mensagem_resumo_de_seu_pe\" data-validate=\"mensagem_resumo_de_seu_pe\" data-validation-type=\"textarea\" class=\"mauticform-row mauticform-text mauticform-field-7 mauticform-required\">\n                                  <label id=\"mauticform_label_h1partnersassociado_mensagem_resumo_de_seu_pe\" for=\"mauticform_input_h1partnersassociado_mensagem_resumo_de_seu_pe\" class=\"mauticform-label\">Resumo de seu perfil<\/label>\n                                  <textarea id=\"mauticform_input_h1partnersassociado_mensagem_resumo_de_seu_pe\" name=\"mauticform[mensagem_resumo_de_seu_pe]\" class=\"mauticform-textarea form-control\"><\/textarea>\n                                  <span class=\"mauticform-errormsg\" style=\"display: none;\">Insira a sua mensagem<\/span>\n                              <\/div>\n\n                            <\/div>\n                          <\/div>\n\n                        <div id=\"mauticform_h1partnersassociado_submit\" class=\"mauticform-row mauticform-button-wrapper mauticform-field-8\">\n                            <button type=\"submit\" name=\"mauticform[submit]\" id=\"mauticform_input_h1partnersassociado_submit\" value=\"\" class=\"mauticform-button btn btn-default\">Enviar<\/button>\n                        <\/div>\n                        <\/div>\n                    <\/div>\n\n                    <input type=\"hidden\" name=\"mauticform[formId]\" id=\"mauticform_h1partnersassociado_id\" value=\"5\">\n                    <input type=\"hidden\" name=\"mauticform[return]\" id=\"mauticform_h1partnersassociado_return\" value=\"\">\n                    <input type=\"hidden\" name=\"mauticform[formName]\" id=\"mauticform_h1partnersassociado_name\" value=\"h1partnersassociado\">\n\n                    <\/form>\n            <\/div>\t\t<\/div>\n\t\t\t\t<\/div>\n\t\t\t\t\t\t<\/div>\n\t\t\t\t\t<\/div>\n\t\t<\/div>\n\t\t\t\t\t\t\t\t<\/div>\n\t\t\t\t\t<\/div>\n\t\t<\/section>\n\t\t\t\t\t\t<\/div>\n\t\t\t\t\t\t<\/div>\n\t\t\t\t\t<\/div>\n\t\t","protected":false},"excerpt":{"rendered":"<p>Fa\u00e7a parte Seguindo o ritmo forte de crescimento do C6 Bank, estamos em expans\u00e3o, e \u00e0 procura de profissionais diferenciados para o nosso time. Se voc\u00ea possui experi\u00eancia no mercado financeiro e uma rede de relacionamento j\u00e1 estabelecida, encontrar\u00e1 na H1 Partners o local ideal para desenvolver seu trabalho. O que oferecemos? Assessores, ap\u00f3s o [&hellip;]<\/p>\n","protected":false},"author":1,"featured_media":260,"parent":0,"menu_order":0,"comment_status":"closed","ping_status":"closed","template":"","meta":{"_acf_changed":false,"footnotes":""},"class_list":["post-494","page","type-page","status-publish","has-post-thumbnail","hentry"],"acf":[],"wps_subtitle":"","_links":{"self":[{"href":"https:\/\/h1partners.com.br\/blog\/wp-json\/wp\/v2\/pages\/494","targetHints":{"allow":["GET"]}}],"collection":[{"href":"https:\/\/h1partners.com.br\/blog\/wp-json\/wp\/v2\/pages"}],"about":[{"href":"https:\/\/h1partners.com.br\/blog\/wp-json\/wp\/v2\/types\/page"}],"author":[{"embeddable":true,"href":"https:\/\/h1partners.com.br\/blog\/wp-json\/wp\/v2\/users\/1"}],"replies":[{"embeddable":true,"href":"https:\/\/h1partners.com.br\/blog\/wp-json\/wp\/v2\/comments?post=494"}],"version-history":[{"count":25,"href":"https:\/\/h1partners.com.br\/blog\/wp-json\/wp\/v2\/pages\/494\/revisions"}],"predecessor-version":[{"id":520,"href":"https:\/\/h1partners.com.br\/blog\/wp-json\/wp\/v2\/pages\/494\/revisions\/520"}],"wp:featuredmedia":[{"embeddable":true,"href":"https:\/\/h1partners.com.br\/blog\/wp-json\/wp\/v2\/media\/260"}],"wp:attachment":[{"href":"https:\/\/h1partners.com.br\/blog\/wp-json\/wp\/v2\/media?parent=494"}],"curies":[{"name":"wp","href":"https:\/\/api.w.org\/{rel}","templated":true}]}}